{"id":1099,"date":"2023-11-25T20:00:16","date_gmt":"2023-11-25T19:00:16","guid":{"rendered":"https:\/\/malaphuong.cz\/ve-lam-toc\/"},"modified":"2024-05-18T15:25:38","modified_gmt":"2024-05-18T13:25:38","slug":"ve-lam-toc","status":"publish","type":"page","link":"https:\/\/malaphuong.cz\/vi\/","title":{"rendered":"V\u1ec1 l\u00e0m t\u00f3c"},"content":{"rendered":"\n<p style=\"padding-top:var(--wp--preset--spacing--10);padding-bottom:var(--wp--preset--spacing--10)\">Ti\u1ec7m l\u00e0m t\u00f3c Mal\u00e1 Ph\u01b0\u01a1ng th\u1ef1c hi\u1ec7n c\u00e1c li\u1ec7u ph\u00e1p l\u00e0m t\u00f3c th\u00f4ng th\u01b0\u1eddng v\u00e0 ph\u1ee9c t\u1ea1p cho t\u00f3c n\u1eef. Ti\u1ec7m l\u00e0m t\u00f3c n\u1eb1m \u1edf Praha 4 Nusle, 1 ph\u1ed1 Svatoslavova. N\u00f3 cao 40 m\u00e9t so v\u1edbi t\u00f2a th\u1ecb ch\u00ednh Nusel \u1edf m\u1ed9t v\u1ecb tr\u00ed y\u00ean t\u0129nh trong khu v\u1ef1c l\u00e2n c\u1eadn c\u00f4ng vi\u00ean.<\/p>\n\n<figure class=\"wp-block-image aligncenter size-full\"><img loading=\"lazy\" decoding=\"async\" width=\"800\" height=\"600\" src=\"https:\/\/malaphuong.cz\/wp-content\/uploads\/2023\/11\/kadernictvi-okna.webp\" alt=\"\" class=\"wp-image-591\" style=\"object-fit:cover\" srcset=\"https:\/\/malaphuong.cz\/wp-content\/uploads\/2023\/11\/kadernictvi-okna.webp 800w, https:\/\/malaphuong.cz\/wp-content\/uploads\/2023\/11\/kadernictvi-okna-300x225.webp 300w, https:\/\/malaphuong.cz\/wp-content\/uploads\/2023\/11\/kadernictvi-okna-768x576.webp 768w\" sizes=\"auto, (max-width: 800px) 100vw, 800px\" \/><\/figure>\n\n<p>M\u1edf c\u1eeda theo y\u00eau c\u1ea7u v\u00e0o c\u00e1c ng\u00e0y trong tu\u1ea7n v\u00e0 cu\u1ed1i tu\u1ea7n. T\u00f4i th\u01b0\u1eddng c\u00f3 th\u1ec3 l\u00e0m \u0111i\u1ec1u \u0111\u00f3 v\u00e0o ng\u00e0y g\u1ecdi \u0111i\u1ec7n ho\u1eb7c ng\u00e0y h\u00f4m sau. B\u1ea1n c\u0169ng c\u00f3 th\u1ec3 \u0111i b\u1eb1ng xe \u0111\u1ea9y. Hi\u1ec7n t\u1ea1i, ch\u00fang t\u00f4i ch\u1ec9 c\u00f3 1 chi\u1ebfc gh\u1ebf v\u00e0 ch\u00fang t\u00f4i chia s\u1ebb kh\u00f4ng gian v\u1edbi c\u1eeda h\u00e0ng <a href=\"https:\/\/extasica.com\/\">extasica.com<\/a> . Tuy nhi\u00ean, h\u1ea7u nh\u01b0 l\u00fac n\u00e0o kh\u00e1ch h\u00e0ng c\u0169ng \u1edf m\u1ed9t m\u00ecnh v\u1edbi th\u1ee3 l\u00e0m t\u00f3c.<\/p>\n\n<h3 class=\"wp-block-heading\">Ai c\u1eaft t\u00f3c cho b\u1ea1n?<\/h3>\n\n<figure class=\"wp-block-image aligncenter size-full is-resized\"><img loading=\"lazy\" decoding=\"async\" width=\"842\" height=\"1123\" src=\"https:\/\/malaphuong.cz\/wp-content\/uploads\/2023\/11\/kadernice-phuong.webp\" alt=\"\" class=\"wp-image-593\" style=\"width:800px\" srcset=\"https:\/\/malaphuong.cz\/wp-content\/uploads\/2023\/11\/kadernice-phuong.webp 842w, https:\/\/malaphuong.cz\/wp-content\/uploads\/2023\/11\/kadernice-phuong-225x300.webp 225w, https:\/\/malaphuong.cz\/wp-content\/uploads\/2023\/11\/kadernice-phuong-768x1024.webp 768w\" sizes=\"auto, (max-width: 842px) 100vw, 842px\" \/><\/figure>\n\n<p>Kim Ph\u01b0\u1ee3ng V\u00f5 Th\u1ecb, t\u00ean th\u1eadt l\u00e0 Ph\u01b0\u01a1ng. T\u00f4i sinh ra \u1edf Vi\u1ec7t Nam v\u00e0o n\u0103m 1987 v\u00e0 c\u0169ng \u0111\u01b0\u1ee3c \u0111\u00e0o t\u1ea1o l\u00e0m th\u1ee3 l\u00e0m t\u00f3c t\u1ea1i tr\u01b0\u1eddng Ng\u0169 \u00c1 Ch\u00e2u \u1edf Th\u00e0nh ph\u1ed1 H\u1ed3 Ch\u00ed Minh (S\u00e0i G\u00f2n). C\u1eaft t\u00f3c \u0110\u00f4ng \u00c1 v\u00e0 ph\u01b0\u01a1ng T\u00e2y l\u00e0 m\u1ed9t ph\u1ea7n c\u1ee7a vi\u1ec7c gi\u1ea3ng d\u1ea1y. Tr\u01b0\u1eddng c\u00f2n c\u00f3 gi\u00e1o vi\u00ean ng\u01b0\u1eddi Nh\u1eadt. B\u00e0i h\u1ecdc t\u1eadp trung v\u00e0o vi\u1ec7c ch\u0103m s\u00f3c t\u00f3c c\u1ee7a ph\u1ee5 n\u1eef. T\u00f4i \u0111\u00e3 s\u1ed1ng \u1edf C\u1ed9ng h\u00f2a S\u00e9c t\u1eeb n\u0103m 2007.<\/p>\n\n<h3 class=\"wp-block-heading\">Nh\u1eefng g\u00ec mong \u0111\u1ee3i t\u1eeb th\u1ee3 l\u00e0m t\u00f3c Vi\u1ec7t Nam c\u1ee7a ch\u00fang t\u00f4i<\/h3>\n\n<p>Ch\u0103m s\u00f3c v\u00e0 th\u1eddi gian \u0110\u1ed1i v\u1edbi vi\u1ec7c nhu\u1ed9m v\u00e0 du\u1ed7i t\u00f3c, n\u00ean c\u00f3 m\u1ed9t th\u1ee3 l\u00e0m t\u00f3c kh\u00f4ng v\u1ed9i v\u00e3 \u0111i \u0111\u00e2u c\u1ea3. \u0110i\u1ec1u n\u00e0y c\u0169ng \u00e1p d\u1ee5ng cho vi\u1ec7c c\u1eaft ng\u1eafn ph\u1ea7n t\u00f3c d\u00e0i \u0111\u1ebfn ng\u1ecdn. Nhi\u1ec1u b\u1ea1n n\u1eef \u0111\u00e3 tr\u1ea3i qua t\u00ecnh tr\u1ea1ng t\u00f3c ng\u1eafn \u0111i qu\u00e1 m\u1ee9c. R\u1ea5t \u00edt th\u1ee3 l\u00e0m t\u00f3c c\u00f3 th\u1ec3 l\u00e0m t\u1ea5t c\u1ea3 c\u00f9ng m\u1ed9t l\u00fac. T\u1ed1t h\u01a1n l\u00e0 ti\u1ebfn h\u00e0nh t\u1eebng b\u01b0\u1edbc m\u1ed9t. T\u00f3c h\u01b0 t\u1ed5n c\u1ea7n \u0111\u01b0\u1ee3c ch\u0103m s\u00f3c \u0111\u1eb7c bi\u1ec7t, ngay c\u1ea3 khi c\u1eaft, v\u00ec v\u1eady ngay c\u1ea3 s\u1ee9c \u00e9p m\u00e0 m\u00e1i t\u00f3c kh\u1ecfe m\u1ea1nh c\u00f3 th\u1ec3 ch\u1ecbu \u0111\u1ef1ng m\u00e0 kh\u00f4ng g\u1eb7p v\u1ea5n \u0111\u1ec1 g\u00ec c\u0169ng c\u00f3 th\u1ec3 r\u1ea5t nghi\u00eam tr\u1ecdng.<\/p>\n\n<p>Vi\u1ec7c t\u1ea1o ki\u1ec3u t\u00f3c th\u01b0\u1eddng m\u1ea5t nhi\u1ec1u th\u1eddi gian h\u01a1n. Nhu\u1ed9m t\u00f3c d\u00e0i th\u01b0\u1eddng m\u1ea5t 2-3 gi\u1edd v\u00e0 du\u1ed7i th\u1eb3ng th\u1eadm ch\u00ed l\u00e0 6 gi\u1edd. Du\u1ed7i t\u00f3c l\u00e0 m\u1ed9t s\u1ef1 can thi\u1ec7p quan tr\u1ecdng h\u01a1n so v\u1edbi nhu\u1ed9m m\u00e0u v\u00e0 b\u1ea1n ch\u1ec9 n\u00ean th\u1ef1c hi\u1ec7n n\u00f3 khi b\u1ea1n kh\u00f4ng nghi ng\u1edd g\u00ec v\u1ec1 con ng\u01b0\u1eddi c\u1ee7a th\u1ee3 l\u00e0m t\u00f3c v\u00e0 s\u1ef1 ch\u0103m s\u00f3c c\u1ee7a anh ta.<\/p>\n\n<p>Th\u1eddi gian d\u00e0i h\u01a1n (xem th\u00eam \u1edf trang n\u00e0y) kh\u00f4ng ch\u1ec9 c\u1ee7a ng\u01b0\u1eddi th\u1ee3 l\u00e0m t\u00f3c m\u00e0 c\u00f2n c\u1ee7a b\u1ea1n, l\u00e0 \u0111i\u1ec1u hi\u1ec3n nhi\u00ean. N\u00f3 c\u00f3 xu h\u01b0\u1edbng l\u00e0 m\u1ed9t s\u1ef1 thay \u0111\u1ed5i t\u1ed1t \u0111\u1eb9p.<\/p>\n\n<h3 class=\"wp-block-heading\">Ti\u00eau chu\u1ea9n ch\u0103m s\u00f3c t\u00f3c cao<\/h3>\n\n<p>Ng\u01b0\u1eddi ta c\u00f3 th\u1ec3 nh\u1eadn th\u1ea5y t\u1eeb phim \u1ea3nh, s\u00e1ch b\u00e1o ho\u1eb7c kinh nghi\u1ec7m c\u00e1 nh\u00e2n r\u1eb1ng t\u00f3c c\u1ee7a ph\u1ee5 n\u1eef v\u00e0 tr\u1ebb em g\u00e1i \u1edf \u0110\u00f4ng Nam \u00c1 \u0111\u01b0\u1ee3c ch\u0103m s\u00f3c r\u1ea5t k\u1ef9 l\u01b0\u1ee1ng. \u1ede Vi\u1ec7t Nam, m\u00e1i t\u00f3c d\u00e0i th\u01b0\u1eddng l\u00e0 v\u1eadt trang tr\u00ed duy nh\u1ea5t c\u1ee7a con g\u00e1i. \u0110\u00f3 kh\u00f4ng ph\u1ea3i l\u00e0 th\u1ee9 b\u1ea1n ph\u1ea3i quan t\u00e2m, m\u00e0 l\u00e0 th\u1ee9 b\u1ea1n nu\u00f4ng chi\u1ec1u, cho d\u00f9 \u0111\u00f3 l\u00e0 gi\u1eb7t, ch\u1ea3i \u0111\u1ea7u hay n\u1ebfu b\u1ea1n c\u00f3 ph\u01b0\u01a1ng ti\u1ec7n kh\u00e1c, ch\u1eb3ng h\u1ea1n nh\u01b0. m\u00e1y du\u1ed7i t\u00f3c ho\u1eb7c c\u00e1c s\u1ea3n ph\u1ea9m, b\u1ea1n \u0111\u1eebng l\u01b0\u1eddi s\u1eed d\u1ee5ng n\u00f3 th\u01b0\u1eddng xuy\u00ean h\u01a1n. T\u1ea5t c\u1ea3 ng\u01b0\u1eddi ch\u00e2u \u00c1 kh\u00f4ng c\u00f3 t\u00f3c th\u1eb3ng. \u1ede \u0111\u00e2y c\u0169ng c\u00f3 ng\u01b0\u1eddi t\u00f3c xo\u0103n nh\u01b0ng con g\u00e1i th\u01b0\u1eddng \u1ee7i ho\u1eb7c du\u1ed7i th\u1eb3ng.<\/p>\n\n<h3 class=\"wp-block-heading\">C\u00e2n nh\u1eafc cho m\u00e1i t\u00f3c c\u1ee7a b\u1ea1n khi nhu\u1ed9m v\u00e0 du\u1ed7i<\/h3>\n\n<p>\u0110\u1ed1i v\u1edbi m\u00e1i t\u00f3c ch\u1ecbu nhi\u1ec1u g\u00e1nh n\u1eb7ng do nhu\u1ed9m ho\u1eb7c nhu\u1ed9m highlight, vi\u1ec7c nhu\u1ed9m th\u00eam \u0111\u00f4i khi kh\u00f4ng ph\u00f9 h\u1ee3p v\u00e0 \u0111\u00f4i khi ph\u1ea3i \u0111\u1ec3 t\u00f3c d\u00e0i ra &#8211; \u201cch\u1eefa l\u00e0nh\u201d. Ngo\u00e0i ra n\u1ebfu m\u00e0u \u0111\u01b0\u1ee3c nhu\u1ed9m c\u00e1ch \u0111\u00e2y ch\u01b0a \u0111\u1ea7y m\u1ed9t tu\u1ea7n (th\u01b0\u1eddng l\u00e0 n\u1ebfu vi\u1ec7c t\u1ef1 nhu\u1ed9m ho\u1eb7c l\u00e0m t\u00f3c kh\u00e1c kh\u00f4ng hi\u1ec7u qu\u1ea3). C\u00f3 tr\u01b0\u1eddng h\u1ee3p kh\u00e1ch h\u00e0ng kh\u00f4ng t\u00f4n tr\u1ecdng khuy\u1ebfn ngh\u1ecb n\u00e0y ho\u1eb7c y\u00eau c\u1ea7u s\u1eeda ch\u1eefa ngay l\u1eadp t\u1ee9c v\u00e0 hy v\u1ecdng r\u1eb1ng b\u1eb1ng c\u00e1ch n\u00e0o \u0111\u00f3 m\u1ecdi vi\u1ec7c s\u1ebd \u1ed5n th\u1ecfa. Trong nh\u1eefng tr\u01b0\u1eddng h\u1ee3p nh\u01b0 v\u1eady, t\u00f4i xin l\u1ed7i v\u00ec \u0111\u00e3 t\u1eeb ch\u1ed1i th\u1ef1c hi\u1ec7n \u0111i\u1ec1u ch\u1ec9nh. T\u00f3c s\u1ebd b\u1ecb c\u0103ng ho\u1eb7c h\u01b0 t\u1ed5n kh\u00f4ng c\u00e2n x\u1ee9ng, ngo\u00e0i ra c\u00f2n c\u00f3 nguy c\u01a1 cao l\u00e0 m\u00e0u kh\u00f4ng &#8220;d\u00ednh&#8221; do m\u00e0u tr\u01b0\u1edbc \u0111\u00f3 ch\u01b0a kh\u00f4. \u0110i\u1ec1u t\u01b0\u01a1ng t\u1ef1 c\u0169ng \u0111\u01b0\u1ee3c \u00e1p d\u1ee5ng, m\u00e0u c\u00e0ng nh\u1ea1t th\u00ec g\u00e1nh n\u1eb7ng cho t\u00f3c c\u00e0ng l\u1edbn. \u0110\u00f3 l\u00e0 l\u00fd do t\u1ea1i sao ch\u00fang ta th\u1ea5y t\u00f3c v\u00e0ng b\u1ecb h\u01b0 t\u1ed5n th\u01b0\u1eddng xuy\u00ean h\u01a1n c\u00e1c m\u00e0u t\u00f3c s\u1eabm m\u00e0u h\u01a1n. Ch\u1ec9 c\u00f3 m\u00e1i t\u00f3c ch\u1eafc kh\u1ecfe m\u1edbi c\u00f3 th\u1ec3 du\u1ed7i th\u1eb3ng \u0111\u01b0\u1ee3c, n\u1ebfu kh\u00f4ng th\u00ec <a href=\"https:\/\/malaphuong.cz\/vi\/lam-thang\/\" data-type=\"page\" data-id=\"246\">vi\u1ec7c du\u1ed7i t\u00f3c<\/a> l\u00e0 m\u1ed9t c\u00f4ng vi\u1ec7c r\u1ea5t kh\u1eaft khe.<\/p>\n\n<h3 class=\"wp-block-heading\">S\u1eeda ch\u1eefa m\u00e0u t\u00f3c v\u00e0 c\u1eaft t\u00f3c<\/h3>\n\n<p>S\u1eeda ch\u1eefa m\u1ed9t m\u00e1i t\u00f3c h\u01b0 t\u1ed5n kh\u00f3 h\u01a1n so v\u1edbi c\u1eaft t\u00f3c \u0111\u01a1n gi\u1ea3n. T\u01b0\u01a1ng t\u1ef1 nh\u01b0 v\u1eady v\u1edbi m\u00e0u s\u1eafc. T\u00f4i th\u1ef1c hi\u1ec7n nh\u1eefng h\u00e0nh \u0111\u1ed9ng n\u00e0y m\u00e0 kh\u00f4ng ph\u1ea3i tr\u1ea3 th\u00eam ph\u00ed ( <a href=\"https:\/\/malaphuong.cz\/vi\/bang-gia\/\" data-type=\"page\" data-id=\"65\">b\u1ea3ng gi\u00e1<\/a> ). Bu\u1ed3n g\u1ea5p \u0111\u00f4i khi kh\u00e1ch h\u00e0ng \u0111\u1ebfn v\u1edbi m\u00e1i t\u00f3c ch\u01b0a nhu\u1ed9m ho\u1eb7c ch\u01b0a c\u1eaft, v\u00ec ngo\u00e0i vi\u1ec7c l\u00e3ng ph\u00ed ti\u1ec1n b\u1ea1c, ng\u01b0\u1eddi s\u1eeda c\u00f2n l\u00e0m nhi\u1ec1u vi\u1ec7c h\u01a1n ng\u01b0\u1eddi ban \u0111\u1ea7u, th\u01b0\u1eddng l\u00e0 \u00edt ti\u1ec1n h\u01a1n\u2026 Nh\u01b0ng t\u00f4i c\u0169ng h\u00e0i l\u00f2ng v\u1edbi m\u1ed9t kh\u00e1ch h\u00e0ng nh\u01b0 v\u1eady. T\u00f4i tin anh \u1ea5y s\u1ebd tr\u1edf l\u1ea1i.<\/p>\n\n<h3 class=\"wp-block-heading\">\u0111\u1ed9 tinh khi\u1ebft<\/h3>\n\n<p>D\u1ee5ng c\u1ee5 \u0111\u01b0\u1ee3c kh\u1eed tr\u00f9ng v\u00e0 r\u1eeda b\u1eb1ng n\u01b0\u1edbc u\u1ed1ng \u0111\u01b0\u1ee3c sau m\u1ed7i l\u1ea7n s\u1eed d\u1ee5ng. C\u00e1c quy t\u1eafc v\u1ec7 sinh \u0111\u01b0\u1ee3c tu\u00e2n th\u1ee7 kh\u00e1c n\u1eb1m trong c\u00e1c quy t\u1eafc v\u1eadn h\u00e0nh \u0111\u01b0\u1ee3c d\u00e1n t\u1ea1i c\u01a1 s\u1edf l\u00e0m t\u00f3c.<\/p>\n\n<p>M\u1ef9 ph\u1ea9m chuy\u00ean nghi\u1ec7p<\/p>\n\n<p>Ch\u00fang t\u00f4i s\u1eed d\u1ee5ng c\u00e1c s\u1ea3n ph\u1ea9m Matrix.<\/p>\n\n<h3 class=\"wp-block-heading\">Th\u1ee7 t\u1ee5c t\u1ed1 t\u1ee5ng<\/h3>\n\n<p>S\u1ef1 t\u00f4n tr\u1ecdng v\u00e0 th\u00e2n thi\u1ec7n c\u1ee7a ng\u01b0\u1eddi ch\u00e2u \u00c1 kh\u00f4ng ph\u1ea3i l\u00e0 m\u1ed9t s\u1ef1 gi\u1ea3 v\u1edd. Trong khi c\u00e1c n\u01b0\u1edbc ph\u01b0\u01a1ng T\u00e2y nh\u1ea5n m\u1ea1nh \u0111\u1ebfn hi\u1ec7u su\u1ea5t v\u00e0 t\u00ednh c\u00e1 nh\u00e2n th\u00ec \u1edf Vi\u1ec5n \u0110\u00f4ng, ng\u01b0\u1eddi ta c\u1ed1 g\u1eafng h\u00f2a h\u1ee3p h\u01a1n v\u1edbi nhu c\u1ea7u c\u1ee7a ng\u01b0\u1eddi kh\u00e1c.<\/p>\n\n<p><\/p>\n\n<h3 class=\"wp-block-heading\">H\u1ecd vi\u1ebft v\u1ec1 ch\u00fang t\u00f4i<\/h3>\n\n<p><a href=\"http:\/\/magazinspotrebitele.cz\/reklamace-kadernickych-sluzeb-radeji-mit-dobreho-kadernika\/\">Khi\u1ebfu n\u1ea1i v\u1ec1 d\u1ecbch v\u1ee5 l\u00e0m t\u00f3c &#8211; th\u00e0 c\u00f3 th\u1ee3 l\u00e0m t\u00f3c gi\u1ecfi&#8230;<\/a>  t\u1ea1p ch\u00ed ti\u00eau d\u00f9ng<\/p>\n\n<p><\/p>\n","protected":false},"excerpt":{"rendered":"<p>Ti\u1ec7m l\u00e0m t\u00f3c Mal\u00e1 Ph\u01b0\u01a1ng th\u1ef1c hi\u1ec7n c\u00e1c li\u1ec7u ph\u00e1p l\u00e0m t\u00f3c th\u00f4ng th\u01b0\u1eddng v\u00e0 ph\u1ee9c t\u1ea1p cho t\u00f3c n\u1eef. Ti\u1ec7m l\u00e0m t\u00f3c n\u1eb1m \u1edf Praha 4 Nusle, 1 ph\u1ed1 Svatoslavova. N\u00f3 cao 40 m\u00e9t so v\u1edbi t\u00f2a th\u1ecb ch\u00ednh Nusel \u1edf m\u1ed9t v\u1ecb tr\u00ed y\u00ean t\u0129nh trong khu v\u1ef1c l\u00e2n c\u1eadn c\u00f4ng vi\u00ean. M\u1edf [&hellip;]<\/p>\n","protected":false},"author":1,"featured_media":0,"parent":0,"menu_order":0,"comment_status":"closed","ping_status":"closed","template":"","meta":{"footnotes":""},"class_list":["post-1099","page","type-page","status-publish","hentry"],"_links":{"self":[{"href":"https:\/\/malaphuong.cz\/vi\/wp-json\/wp\/v2\/pages\/1099","targetHints":{"allow":["GET"]}}],"collection":[{"href":"https:\/\/malaphuong.cz\/vi\/wp-json\/wp\/v2\/pages"}],"about":[{"href":"https:\/\/malaphuong.cz\/vi\/wp-json\/wp\/v2\/types\/page"}],"author":[{"embeddable":true,"href":"https:\/\/malaphuong.cz\/vi\/wp-json\/wp\/v2\/users\/1"}],"replies":[{"embeddable":true,"href":"https:\/\/malaphuong.cz\/vi\/wp-json\/wp\/v2\/comments?post=1099"}],"version-history":[{"count":1,"href":"https:\/\/malaphuong.cz\/vi\/wp-json\/wp\/v2\/pages\/1099\/revisions"}],"predecessor-version":[{"id":1102,"href":"https:\/\/malaphuong.cz\/vi\/wp-json\/wp\/v2\/pages\/1099\/revisions\/1102"}],"wp:attachment":[{"href":"https:\/\/malaphuong.cz\/vi\/wp-json\/wp\/v2\/media?parent=1099"}],"curies":[{"name":"wp","href":"https:\/\/api.w.org\/{rel}","templated":true}]}}