{"id":1097,"date":"2023-11-14T09:32:39","date_gmt":"2023-11-14T08:32:39","guid":{"rendered":"https:\/\/malaphuong.cz\/bang-gia\/"},"modified":"2026-01-30T08:46:11","modified_gmt":"2026-01-30T07:46:11","slug":"bang-gia","status":"publish","type":"page","link":"https:\/\/malaphuong.cz\/vi\/bang-gia\/","title":{"rendered":"B\u1ea3ng gi\u00e1"},"content":{"rendered":"\n<figure class=\"wp-block-table is-style-regular\"><table><tbody><tr><td>qu\u00fd c\u00f4<br\/><\/td><td><\/td><td>ng\u1eafn v\u00e0 trung b\u00ecnh<\/td><td>\u0111\u1ebfn th\u1eaft l\u01b0ng<br\/><\/td><\/tr><tr><td>c\u1eaft ho\u00e0n ch\u1ec9nh<br\/><\/td><td><br\/><\/td><td><br\/>380 &#8211; 480<br\/><\/td><td><br\/>500 &#8211; 650<br\/><\/td><\/tr><tr><td>t\u00f4 m\u00e0u (Ma tr\u1eadn)<br\/><\/td><td><br\/><\/td><td>900 &#8211; 1200<\/td><td><br\/>1300 &#8211; 1600<br\/><\/td><\/tr><tr><td>\u1ee7i v\u00e0 u\u1ed1n t\u00f3c<\/td><td><\/td><td><br\/>400 &#8211; 500<br\/><\/td><td><br\/>500 &#8211; 600<br\/><\/td><\/tr><tr><td><\/td><td><\/td><td><br\/><\/td><td><\/td><\/tr><tr><td>\u0111\u00e1nh d\u1ea5u (Ma tr\u1eadn)<br\/><\/td><td><br\/><\/td><td>KH\u00d4NG<br\/><\/td><td>KH\u00d4NG<br\/><\/td><\/tr><tr><td>l\u00e0m th\u1eb3ng<\/td><td><br\/><\/td><td>KH\u00d4NG<\/td><td>KH\u00d4NG<\/td><\/tr><tr><td><br\/><\/td><td><br\/><\/td><td><br\/><\/td><td><br\/><\/td><\/tr><tr><td><br\/><\/td><td><br\/><\/td><td><br\/><\/td><td><\/td><\/tr><tr><td>spol. ki\u1ec3u t\u00f3c<\/td><td colspan=\"3\">th\u1ed5i + theo lo\u1ea1i, xem <a href=\"https:\/\/malaphuong.cz\/category\/ucesy\/\" data-type=\"category\" data-id=\"14\">Ki\u1ec3u t\u00f3c<\/a><\/td><\/tr><\/tbody><\/table><\/figure>\n\n<figure class=\"wp-block-table\"><table><tbody><tr><td><a href=\"https:\/\/malaphuong.cz\/motmat\/Documents\/webkader\/index.html\"><br\/><\/a><small>  T\u1ea5t c\u1ea3 c\u00e1c ho\u1ea1t \u0111\u1ed9ng ngo\u1ea1i tr\u1eeb \u1ee7i \u0111\u1ec1u bao g\u1ed3m gi\u1eb7t.<br\/><br\/><br\/>Ch\u00fang t\u00f4i kh\u00f4ng ch\u1ec9nh s\u1eeda t\u00f3c nam v\u00e0 tr\u1ebb em.<\/small>  <\/td><\/tr><\/tbody><\/table><\/figure>\n","protected":false},"excerpt":{"rendered":"<p>qu\u00fd c\u00f4 ng\u1eafn v\u00e0 trung b\u00ecnh \u0111\u1ebfn th\u1eaft l\u01b0ng c\u1eaft ho\u00e0n ch\u1ec9nh 380 &#8211; 480 500 &#8211; 650 t\u00f4 m\u00e0u (Ma tr\u1eadn) 900 &#8211; 1200 1300 &#8211; 1600 \u1ee7i v\u00e0 u\u1ed1n t\u00f3c 400 &#8211; 500 500 &#8211; 600 \u0111\u00e1nh d\u1ea5u (Ma tr\u1eadn) KH\u00d4NG KH\u00d4NG l\u00e0m th\u1eb3ng KH\u00d4NG KH\u00d4NG spol. ki\u1ec3u t\u00f3c th\u1ed5i + theo lo\u1ea1i, [&hellip;]<\/p>\n","protected":false},"author":1,"featured_media":0,"parent":0,"menu_order":0,"comment_status":"closed","ping_status":"closed","template":"","meta":{"footnotes":""},"class_list":["post-1097","page","type-page","status-publish","hentry"],"_links":{"self":[{"href":"https:\/\/malaphuong.cz\/vi\/wp-json\/wp\/v2\/pages\/1097","targetHints":{"allow":["GET"]}}],"collection":[{"href":"https:\/\/malaphuong.cz\/vi\/wp-json\/wp\/v2\/pages"}],"about":[{"href":"https:\/\/malaphuong.cz\/vi\/wp-json\/wp\/v2\/types\/page"}],"author":[{"embeddable":true,"href":"https:\/\/malaphuong.cz\/vi\/wp-json\/wp\/v2\/users\/1"}],"replies":[{"embeddable":true,"href":"https:\/\/malaphuong.cz\/vi\/wp-json\/wp\/v2\/comments?post=1097"}],"version-history":[{"count":7,"href":"https:\/\/malaphuong.cz\/vi\/wp-json\/wp\/v2\/pages\/1097\/revisions"}],"predecessor-version":[{"id":1283,"href":"https:\/\/malaphuong.cz\/vi\/wp-json\/wp\/v2\/pages\/1097\/revisions\/1283"}],"wp:attachment":[{"href":"https:\/\/malaphuong.cz\/vi\/wp-json\/wp\/v2\/media?parent=1097"}],"curies":[{"name":"wp","href":"https:\/\/api.w.org\/{rel}","templated":true}]}}