{"id":1091,"date":"2023-11-21T16:42:32","date_gmt":"2023-11-21T15:42:32","guid":{"rendered":"https:\/\/malaphuong.cz\/lam-thang\/"},"modified":"2024-05-18T15:25:36","modified_gmt":"2024-05-18T13:25:36","slug":"lam-thang","status":"publish","type":"page","link":"https:\/\/malaphuong.cz\/vi\/lam-thang\/","title":{"rendered":"L\u00e0m th\u1eb3ng"},"content":{"rendered":"\n<h3 class=\"wp-block-heading has-text-align-center\" style=\"padding-top:var(--wp--preset--spacing--10);padding-bottom:var(--wp--preset--spacing--10)\"><strong>Du\u1ed7i t\u00f3c c\u0103ng th\u1eb3ng<\/strong><\/h3>\n\n<p style=\"font-size:clamp(0.875rem, 0.875rem + ((1vw - 0.2rem) * 0.542), 1.2rem);\"><small>\u0110\u00f3 l\u00e0 m\u1ed9t li\u1ec7u tr\u00ecnh k\u00e9o d\u00e0i 4 gi\u1edd \u0111\u1ed1i v\u1edbi m\u00e1i t\u00f3c r\u1ea5t c\u0103ng th\u1eb3ng tr\u01b0\u1edbc \u0111\u00e2y, kh\u00f4ng th\u1ec3 th\u1ef1c hi\u1ec7n \u0111\u01b0\u1ee3c nh\u1eefng \u0111i\u1ec3m nh\u1ea5n c\u1ea7n thi\u1ebft, kem du\u1ed7i th\u1eb3ng v\u00e0 \u0111i\u1ec3m nh\u1ea5n ch\u1ec9 c\u00f3 th\u1ec3 \u0111\u01b0\u1ee3c k\u1ebft h\u1ee3p c\u00e1ch nhau v\u00e0i ng\u00e0y, xem trang &#8221; <a href=\"https:\/\/malaphuong.cz\/vi\/\" data-type=\"page\" data-id=\"478\">V\u1ec1 l\u00e0m t\u00f3c<\/a> &#8220;<\/small>.<\/p>\n\n<h4 class=\"wp-block-heading has-text-align-center\">Sau khi \u0111i\u1ec1u ch\u1ec9nh<\/h4>\n\n<figure class=\"wp-block-image aligncenter size-full\"><img loading=\"lazy\" decoding=\"async\" width=\"458\" height=\"814\" src=\"https:\/\/malaphuong.cz\/wp-content\/uploads\/2023\/11\/narovnani_melir1.jpg\" alt=\"\" class=\"wp-image-445\" srcset=\"https:\/\/malaphuong.cz\/wp-content\/uploads\/2023\/11\/narovnani_melir1.jpg 458w, https:\/\/malaphuong.cz\/wp-content\/uploads\/2023\/11\/narovnani_melir1-169x300.jpg 169w\" sizes=\"auto, (max-width: 458px) 100vw, 458px\" \/><\/figure>\n\n<figure class=\"wp-block-image aligncenter size-full\"><img loading=\"lazy\" decoding=\"async\" width=\"459\" height=\"816\" src=\"https:\/\/malaphuong.cz\/wp-content\/uploads\/2023\/11\/narovnani_melir2.jpg\" alt=\"\" class=\"wp-image-446\" srcset=\"https:\/\/malaphuong.cz\/wp-content\/uploads\/2023\/11\/narovnani_melir2.jpg 459w, https:\/\/malaphuong.cz\/wp-content\/uploads\/2023\/11\/narovnani_melir2-169x300.jpg 169w\" sizes=\"auto, (max-width: 459px) 100vw, 459px\" \/><\/figure>\n\n<h4 class=\"wp-block-heading has-text-align-center\">Tr\u01b0\u1edbc khi ch\u1ec9nh s\u1eeda<\/h4>\n\n<figure class=\"wp-block-image aligncenter size-full\"><img loading=\"lazy\" decoding=\"async\" width=\"459\" height=\"816\" src=\"https:\/\/malaphuong.cz\/wp-content\/uploads\/2023\/11\/narovnani_melir3.jpg\" alt=\"\" class=\"wp-image-448\" srcset=\"https:\/\/malaphuong.cz\/wp-content\/uploads\/2023\/11\/narovnani_melir3.jpg 459w, https:\/\/malaphuong.cz\/wp-content\/uploads\/2023\/11\/narovnani_melir3-169x300.jpg 169w\" sizes=\"auto, (max-width: 459px) 100vw, 459px\" \/><\/figure>\n\n<figure class=\"wp-block-image aligncenter size-full\"><img loading=\"lazy\" decoding=\"async\" width=\"459\" height=\"816\" src=\"https:\/\/malaphuong.cz\/wp-content\/uploads\/2023\/11\/narovnani_melir4.jpg\" alt=\"\" class=\"wp-image-450\" srcset=\"https:\/\/malaphuong.cz\/wp-content\/uploads\/2023\/11\/narovnani_melir4.jpg 459w, https:\/\/malaphuong.cz\/wp-content\/uploads\/2023\/11\/narovnani_melir4-169x300.jpg 169w\" sizes=\"auto, (max-width: 459px) 100vw, 459px\" \/><\/figure>\n","protected":false},"excerpt":{"rendered":"<p>Du\u1ed7i t\u00f3c c\u0103ng th\u1eb3ng \u0110\u00f3 l\u00e0 m\u1ed9t li\u1ec7u tr\u00ecnh k\u00e9o d\u00e0i 4 gi\u1edd \u0111\u1ed1i v\u1edbi m\u00e1i t\u00f3c r\u1ea5t c\u0103ng th\u1eb3ng tr\u01b0\u1edbc \u0111\u00e2y, kh\u00f4ng th\u1ec3 th\u1ef1c hi\u1ec7n \u0111\u01b0\u1ee3c nh\u1eefng \u0111i\u1ec3m nh\u1ea5n c\u1ea7n thi\u1ebft, kem du\u1ed7i th\u1eb3ng v\u00e0 \u0111i\u1ec3m nh\u1ea5n ch\u1ec9 c\u00f3 th\u1ec3 \u0111\u01b0\u1ee3c k\u1ebft h\u1ee3p c\u00e1ch nhau v\u00e0i ng\u00e0y, xem trang &#8221; V\u1ec1 l\u00e0m t\u00f3c &#8220;. [&hellip;]<\/p>\n","protected":false},"author":1,"featured_media":0,"parent":0,"menu_order":0,"comment_status":"closed","ping_status":"closed","template":"page-no-title","meta":{"footnotes":""},"class_list":["post-1091","page","type-page","status-publish","hentry"],"_links":{"self":[{"href":"https:\/\/malaphuong.cz\/vi\/wp-json\/wp\/v2\/pages\/1091","targetHints":{"allow":["GET"]}}],"collection":[{"href":"https:\/\/malaphuong.cz\/vi\/wp-json\/wp\/v2\/pages"}],"about":[{"href":"https:\/\/malaphuong.cz\/vi\/wp-json\/wp\/v2\/types\/page"}],"author":[{"embeddable":true,"href":"https:\/\/malaphuong.cz\/vi\/wp-json\/wp\/v2\/users\/1"}],"replies":[{"embeddable":true,"href":"https:\/\/malaphuong.cz\/vi\/wp-json\/wp\/v2\/comments?post=1091"}],"version-history":[{"count":1,"href":"https:\/\/malaphuong.cz\/vi\/wp-json\/wp\/v2\/pages\/1091\/revisions"}],"predecessor-version":[{"id":1096,"href":"https:\/\/malaphuong.cz\/vi\/wp-json\/wp\/v2\/pages\/1091\/revisions\/1096"}],"wp:attachment":[{"href":"https:\/\/malaphuong.cz\/vi\/wp-json\/wp\/v2\/media?parent=1091"}],"curies":[{"name":"wp","href":"https:\/\/api.w.org\/{rel}","templated":true}]}}